{"id":1064,"date":"2023-11-01T14:31:15","date_gmt":"2023-11-01T13:31:15","guid":{"rendered":"https:\/\/moesholm.dk\/om-os\/"},"modified":"2025-05-05T09:56:37","modified_gmt":"2025-05-05T07:56:37","slug":"soeen","status":"publish","type":"page","link":"https:\/\/moesholm.dk\/de\/soeen\/","title":{"rendered":"Der See"},"content":{"rendered":"<div data-elementor-type=\"wp-post\" data-elementor-id=\"1064\" class=\"elementor elementor-1064\" data-elementor-post-type=\"page\">\n\t\t\t\t<div class=\"elementor-element elementor-element-3ed6e8e e-flex e-con-boxed e-con e-parent\" data-id=\"3ed6e8e\" data-element_type=\"container\" data-e-type=\"container\" data-settings=\"{&quot;background_background&quot;:&quot;classic&quot;}\">\n\t\t\t\t\t<div class=\"e-con-inner\">\n\t\t<div class=\"elementor-element elementor-element-6d7d368 e-con-full e-flex e-con e-child\" data-id=\"6d7d368\" data-element_type=\"container\" data-e-type=\"container\">\n\t\t\t\t<div class=\"elementor-element elementor-element-2fa032f elementor-widget elementor-widget-heading\" data-id=\"2fa032f\" data-element_type=\"widget\" data-e-type=\"widget\" data-widget_type=\"heading.default\">\n\t\t\t\t<div class=\"elementor-widget-container\">\n\t\t\t\t\t<h2 class=\"elementor-heading-title elementor-size-default\">Der See<\/h2>\t\t\t\t<\/div>\n\t\t\t\t<\/div>\n\t\t\t\t<div class=\"elementor-element elementor-element-ce3b4b1 elementor-widget elementor-widget-text-editor\" data-id=\"ce3b4b1\" data-element_type=\"widget\" data-e-type=\"widget\" data-widget_type=\"text-editor.default\">\n\t\t\t\t<div class=\"elementor-widget-container\">\n\t\t\t\t\t\t\t\t\t<p>Moesholm Put &amp; Take ist im Zentrum von Djursland gelegen (siehe Karte).<\/p><p>700 Meter von der \u00f6ffentlichen Stra\u00dfe entfernt, in einem gr\u00f6\u00dferen Naturschutzgebiet, liegt der 12.000 m\u00b2 gro\u00dfe See mit einer Tiefe von 1 bis gut 2 Metern.<\/p><p>Der See f\u00fcgt sich nat\u00fcrlich in die Umgebung ein. Er ist 600 Meter breit, mit einer kleinen Insel, die von Seerosen und kleinen Schilfbest\u00e4nden umgeben ist.<\/p><p>Hier gibt es sowohl ruhige Stellen zwischen B\u00fcschen als auch offene Bereiche mit Gras.<\/p><p>Im guten Schutz des Waldes und der umgebenden B\u00e4ume gibt es immer gutes Angelwetter bei Moesholm Put &amp; Take.<\/p>\t\t\t\t\t\t\t\t<\/div>\n\t\t\t\t<\/div>\n\t\t\t\t<div class=\"elementor-element elementor-element-a597604 elementor-widget elementor-widget-image\" data-id=\"a597604\" data-element_type=\"widget\" data-e-type=\"widget\" data-widget_type=\"image.default\">\n\t\t\t\t<div class=\"elementor-widget-container\">\n\t\t\t\t\t\t\t\t\t\t\t\t\t\t\t<img fetchpriority=\"high\" decoding=\"async\" width=\"800\" height=\"600\" src=\"https:\/\/moesholm.dk\/wp-content\/uploads\/nyhed634-1024x768.webp\" class=\"attachment-large size-large wp-image-1575\" alt=\"\" srcset=\"https:\/\/moesholm.dk\/wp-content\/uploads\/nyhed634-1024x768.webp 1024w, https:\/\/moesholm.dk\/wp-content\/uploads\/nyhed634-300x225.webp 300w, https:\/\/moesholm.dk\/wp-content\/uploads\/nyhed634-768x576.webp 768w, https:\/\/moesholm.dk\/wp-content\/uploads\/nyhed634-1536x1152.webp 1536w, https:\/\/moesholm.dk\/wp-content\/uploads\/nyhed634.webp 1800w\" sizes=\"(max-width: 800px) 100vw, 800px\" \/>\t\t\t\t\t\t\t\t\t\t\t\t\t\t\t<\/div>\n\t\t\t\t<\/div>\n\t\t\t\t<\/div>\n\t\t<div class=\"elementor-element elementor-element-8eb60cd e-con-full e-flex e-con e-child\" data-id=\"8eb60cd\" data-element_type=\"container\" data-e-type=\"container\">\n\t\t\t\t<div class=\"elementor-element elementor-element-e9be255 elementor-widget elementor-widget-image\" data-id=\"e9be255\" data-element_type=\"widget\" data-e-type=\"widget\" data-widget_type=\"image.default\">\n\t\t\t\t<div class=\"elementor-widget-container\">\n\t\t\t\t\t\t\t\t\t\t\t\t\t\t\t<img decoding=\"async\" width=\"800\" height=\"704\" src=\"https:\/\/moesholm.dk\/wp-content\/uploads\/OMRAaDE-1024x901.jpg\" class=\"attachment-large size-large wp-image-1897\" alt=\"\" srcset=\"https:\/\/moesholm.dk\/wp-content\/uploads\/OMRAaDE-1024x901.jpg 1024w, https:\/\/moesholm.dk\/wp-content\/uploads\/OMRAaDE-300x264.jpg 300w, https:\/\/moesholm.dk\/wp-content\/uploads\/OMRAaDE-768x676.jpg 768w, https:\/\/moesholm.dk\/wp-content\/uploads\/OMRAaDE-14x12.jpg 14w, https:\/\/moesholm.dk\/wp-content\/uploads\/OMRAaDE.jpg 1100w\" sizes=\"(max-width: 800px) 100vw, 800px\" \/>\t\t\t\t\t\t\t\t\t\t\t\t\t\t\t<\/div>\n\t\t\t\t<\/div>\n\t\t\t\t<\/div>\n\t\t\t\t\t<\/div>\n\t\t\t\t<\/div>\n\t\t<div class=\"elementor-element elementor-element-69b0b30 e-flex e-con-boxed e-con e-parent\" data-id=\"69b0b30\" data-element_type=\"container\" data-e-type=\"container\">\n\t\t\t\t\t<div class=\"e-con-inner\">\n\t\t<div class=\"elementor-element elementor-element-94b5792 e-con-full e-flex e-con e-child\" data-id=\"94b5792\" data-element_type=\"container\" data-e-type=\"container\">\n\t\t\t\t<div class=\"elementor-element elementor-element-b24f922 elementor-widget elementor-widget-image\" data-id=\"b24f922\" data-element_type=\"widget\" data-e-type=\"widget\" data-widget_type=\"image.default\">\n\t\t\t\t<div class=\"elementor-widget-container\">\n\t\t\t\t\t\t\t\t\t\t\t\t\t\t\t<img decoding=\"async\" width=\"800\" height=\"600\" src=\"https:\/\/moesholm.dk\/wp-content\/uploads\/Fiskene-1024x768.jpg\" class=\"attachment-large size-large wp-image-1901\" alt=\"\" srcset=\"https:\/\/moesholm.dk\/wp-content\/uploads\/Fiskene-1024x768.jpg 1024w, https:\/\/moesholm.dk\/wp-content\/uploads\/Fiskene-300x225.jpg 300w, https:\/\/moesholm.dk\/wp-content\/uploads\/Fiskene-768x576.jpg 768w, https:\/\/moesholm.dk\/wp-content\/uploads\/Fiskene-1536x1152.jpg 1536w, https:\/\/moesholm.dk\/wp-content\/uploads\/Fiskene-scaled.jpg 2048w, https:\/\/moesholm.dk\/wp-content\/uploads\/Fiskene-16x12.jpg 16w\" sizes=\"(max-width: 800px) 100vw, 800px\" \/>\t\t\t\t\t\t\t\t\t\t\t\t\t\t\t<\/div>\n\t\t\t\t<\/div>\n\t\t\t\t<\/div>\n\t\t<div class=\"elementor-element elementor-element-e1bb523 e-con-full e-flex e-con e-child\" data-id=\"e1bb523\" data-element_type=\"container\" data-e-type=\"container\">\n\t\t<div class=\"elementor-element elementor-element-113346c e-con-full e-flex e-con e-child\" data-id=\"113346c\" data-element_type=\"container\" data-e-type=\"container\">\n\t\t\t\t<div class=\"elementor-element elementor-element-c2bfe6e elementor-widget elementor-widget-heading\" data-id=\"c2bfe6e\" data-element_type=\"widget\" data-e-type=\"widget\" data-widget_type=\"heading.default\">\n\t\t\t\t<div class=\"elementor-widget-container\">\n\t\t\t\t\t<h2 class=\"elementor-heading-title elementor-size-default\">Fische im SEE<\/h2>\t\t\t\t<\/div>\n\t\t\t\t<\/div>\n\t\t\t\t<div class=\"elementor-element elementor-element-8a7359f elementor-widget elementor-widget-text-editor\" data-id=\"8a7359f\" data-element_type=\"widget\" data-e-type=\"widget\" data-widget_type=\"text-editor.default\">\n\t\t\t\t<div class=\"elementor-widget-container\">\n\t\t\t\t\t\t\t\t\t<p>Es werden haupts\u00e4chlich Regenbogenforellen von 1 bis 8 kg besetzt \u2013 die Gr\u00f6\u00dfe h\u00e4ngt von der Jahreszeit ab.<\/p><p>Au\u00dferdem werden je nach Saison, Wetter und M\u00f6glichkeiten gelegentlich Goldforellen und Silberforellen besetzt.<\/p><p>Folgen Sie uns auf Facebook, um \u00fcber die Besetzungen informiert zu bleiben.<\/p><p>Es gibt einen Bestand an nat\u00fcrlich vorkommenden Fischen wie Aal, Wels und Barsch.<\/p>\t\t\t\t\t\t\t\t<\/div>\n\t\t\t\t<\/div>\n\t\t\t\t<\/div>\n\t\t<div class=\"elementor-element elementor-element-037ad9e e-con-full e-flex e-con e-child\" data-id=\"037ad9e\" data-element_type=\"container\" data-e-type=\"container\">\n\t\t\t\t<div class=\"elementor-element elementor-element-a3e331d elementor-widget elementor-widget-image\" data-id=\"a3e331d\" data-element_type=\"widget\" data-e-type=\"widget\" data-widget_type=\"image.default\">\n\t\t\t\t<div class=\"elementor-widget-container\">\n\t\t\t\t\t\t\t\t\t\t\t\t\t\t\t<img loading=\"lazy\" decoding=\"async\" width=\"800\" height=\"600\" src=\"https:\/\/moesholm.dk\/wp-content\/uploads\/20250420_151205-1024x768.jpg\" class=\"attachment-large size-large wp-image-1974\" alt=\"\" srcset=\"https:\/\/moesholm.dk\/wp-content\/uploads\/20250420_151205-1024x768.jpg 1024w, https:\/\/moesholm.dk\/wp-content\/uploads\/20250420_151205-300x225.jpg 300w, https:\/\/moesholm.dk\/wp-content\/uploads\/20250420_151205-768x576.jpg 768w, https:\/\/moesholm.dk\/wp-content\/uploads\/20250420_151205-1536x1152.jpg 1536w, https:\/\/moesholm.dk\/wp-content\/uploads\/20250420_151205-scaled.jpg 2048w, https:\/\/moesholm.dk\/wp-content\/uploads\/20250420_151205-16x12.jpg 16w\" sizes=\"(max-width: 800px) 100vw, 800px\" \/>\t\t\t\t\t\t\t\t\t\t\t\t\t\t\t<\/div>\n\t\t\t\t<\/div>\n\t\t\t\t<\/div>\n\t\t\t\t<\/div>\n\t\t\t\t\t<\/div>\n\t\t\t\t<\/div>\n\t\t\t\t<\/div>","protected":false},"excerpt":{"rendered":"<p>Omr\u00e5det Moesholm Put &amp; Take er beliggende midt p\u00e5 Djursland (Se kort). 700 meter fra offentlig vej i et st\u00f8rre naturomr\u00e5de ligger den 12.000 m2 store s\u00f8 med en dybde fra 1 til godt 2 meter. S\u00f8en falder naturligt ind i omgivelserne. Den har 600 meter bred, en lille \u00f8 omkranset af \u00e5kander og sm\u00e5 sivbevoksninger. Her er b\u00e5de rolige steder mellem buske og \u00e5bne omr\u00e5der med gr\u00e6s. I god l\u00e6 af skoven og de omkransende tr\u00e6er, er der altid godt fiskevejr ved Moesholm Put &amp; Take. Fisk i S\u00d8EN Der uds\u00e6ttes hovedsageligt regnbue\u00f8rreder fra 1 til 8 kg &#8211; st\u00f8rrelsen afh\u00e6nger af \u00e5rstiden. Desuden uds\u00e6ttes der til tider guld\u00f8rreder og s\u00f8lv\u00f8rreder afh\u00e6ngig af specielt \u00e5rstid, vejr og muligheder. F\u00f8lg med p\u00e5 Facebook for at f\u00f8lge uds\u00e6tninger. Der forefindes en bestand af naturligt forekommende fisk, s\u00e5 som \u00e5l, suder og aborrer.<\/p>","protected":false},"author":1,"featured_media":0,"parent":0,"menu_order":0,"comment_status":"closed","ping_status":"closed","template":"","meta":{"footnotes":""},"class_list":["post-1064","page","type-page","status-publish","hentry"],"yoast_head":"<!-- This site is optimized with the Yoast SEO plugin v27.5 - https:\/\/yoast.com\/product\/yoast-seo-wordpress\/ -->\n<title>S\u00f8en - Moesholm - Put &amp; Take<\/title>\n<meta name=\"robots\" content=\"index, follow, max-snippet:-1, max-image-preview:large, max-video-preview:-1\" \/>\n<link rel=\"canonical\" href=\"https:\/\/moesholm.dk\/de\/soeen\/\" \/>\n<meta property=\"og:locale\" content=\"de_DE\" \/>\n<meta property=\"og:type\" content=\"article\" \/>\n<meta property=\"og:title\" content=\"S\u00f8en - Moesholm - Put &amp; Take\" \/>\n<meta property=\"og:description\" content=\"Omr\u00e5det Moesholm Put &amp; Take er beliggende midt p\u00e5 Djursland (Se kort). 700 meter fra offentlig vej i et st\u00f8rre naturomr\u00e5de ligger den 12.000 m2 store s\u00f8 med en dybde fra 1 til godt 2 meter. S\u00f8en falder naturligt ind i omgivelserne. Den har 600 meter bred, en lille \u00f8 omkranset af \u00e5kander og sm\u00e5 sivbevoksninger. Her er b\u00e5de rolige steder mellem buske og \u00e5bne omr\u00e5der med gr\u00e6s. I god l\u00e6 af skoven og de omkransende tr\u00e6er, er der altid godt fiskevejr ved Moesholm Put &amp; Take. Fisk i S\u00d8EN Der uds\u00e6ttes hovedsageligt regnbue\u00f8rreder fra 1 til 8 kg &#8211; st\u00f8rrelsen afh\u00e6nger af \u00e5rstiden. Desuden uds\u00e6ttes der til tider guld\u00f8rreder og s\u00f8lv\u00f8rreder afh\u00e6ngig af specielt \u00e5rstid, vejr og muligheder. F\u00f8lg med p\u00e5 Facebook for at f\u00f8lge uds\u00e6tninger. Der forefindes en bestand af naturligt forekommende fisk, s\u00e5 som \u00e5l, suder og aborrer.\" \/>\n<meta property=\"og:url\" content=\"https:\/\/moesholm.dk\/de\/soeen\/\" \/>\n<meta property=\"og:site_name\" content=\"Moesholm - Put &amp; Take\" \/>\n<meta property=\"article:modified_time\" content=\"2025-05-05T07:56:37+00:00\" \/>\n<meta property=\"og:image\" content=\"https:\/\/moesholm.dk\/wp-content\/uploads\/nyhed634.webp\" \/>\n\t<meta property=\"og:image:width\" content=\"1800\" \/>\n\t<meta property=\"og:image:height\" content=\"1350\" \/>\n\t<meta property=\"og:image:type\" content=\"image\/webp\" \/>\n<meta name=\"twitter:card\" content=\"summary_large_image\" \/>\n<meta name=\"twitter:label1\" content=\"Gesch\u00e4tzte Lesezeit\" \/>\n\t<meta name=\"twitter:data1\" content=\"2\u00a0Minuten\" \/>\n<script type=\"application\/ld+json\" class=\"yoast-schema-graph\">{\"@context\":\"https:\\\/\\\/schema.org\",\"@graph\":[{\"@type\":\"WebPage\",\"@id\":\"https:\\\/\\\/moesholm.dk\\\/soeen\\\/\",\"url\":\"https:\\\/\\\/moesholm.dk\\\/soeen\\\/\",\"name\":\"S\u00f8en - Moesholm - Put &amp; Take\",\"isPartOf\":{\"@id\":\"https:\\\/\\\/moesholm.dk\\\/#website\"},\"primaryImageOfPage\":{\"@id\":\"https:\\\/\\\/moesholm.dk\\\/soeen\\\/#primaryimage\"},\"image\":{\"@id\":\"https:\\\/\\\/moesholm.dk\\\/soeen\\\/#primaryimage\"},\"thumbnailUrl\":\"https:\\\/\\\/moesholm.dk\\\/wp-content\\\/uploads\\\/nyhed634-1024x768.webp\",\"datePublished\":\"2023-11-01T13:31:15+00:00\",\"dateModified\":\"2025-05-05T07:56:37+00:00\",\"inLanguage\":\"de\",\"potentialAction\":[{\"@type\":\"ReadAction\",\"target\":[\"https:\\\/\\\/moesholm.dk\\\/soeen\\\/\"]}]},{\"@type\":\"ImageObject\",\"inLanguage\":\"de\",\"@id\":\"https:\\\/\\\/moesholm.dk\\\/soeen\\\/#primaryimage\",\"url\":\"https:\\\/\\\/moesholm.dk\\\/wp-content\\\/uploads\\\/nyhed634-1024x768.webp\",\"contentUrl\":\"https:\\\/\\\/moesholm.dk\\\/wp-content\\\/uploads\\\/nyhed634-1024x768.webp\"},{\"@type\":\"WebSite\",\"@id\":\"https:\\\/\\\/moesholm.dk\\\/#website\",\"url\":\"https:\\\/\\\/moesholm.dk\\\/\",\"name\":\"Moesholm - Put &amp; Take\",\"description\":\"Putt and take s\u00f8\",\"publisher\":{\"@id\":\"https:\\\/\\\/moesholm.dk\\\/#organization\"},\"potentialAction\":[{\"@type\":\"SearchAction\",\"target\":{\"@type\":\"EntryPoint\",\"urlTemplate\":\"https:\\\/\\\/moesholm.dk\\\/?s={search_term_string}\"},\"query-input\":{\"@type\":\"PropertyValueSpecification\",\"valueRequired\":true,\"valueName\":\"search_term_string\"}}],\"inLanguage\":\"de\"},{\"@type\":\"Organization\",\"@id\":\"https:\\\/\\\/moesholm.dk\\\/#organization\",\"name\":\"Moesholm - Put &amp; Take\",\"url\":\"https:\\\/\\\/moesholm.dk\\\/\",\"logo\":{\"@type\":\"ImageObject\",\"inLanguage\":\"de\",\"@id\":\"https:\\\/\\\/moesholm.dk\\\/#\\\/schema\\\/logo\\\/image\\\/\",\"url\":\"https:\\\/\\\/moesholm.dk\\\/wp-content\\\/uploads\\\/logo.gif\",\"contentUrl\":\"https:\\\/\\\/moesholm.dk\\\/wp-content\\\/uploads\\\/logo.gif\",\"width\":150,\"height\":116,\"caption\":\"Moesholm - Put &amp; Take\"},\"image\":{\"@id\":\"https:\\\/\\\/moesholm.dk\\\/#\\\/schema\\\/logo\\\/image\\\/\"}}]}<\/script>\n<!-- \/ Yoast SEO plugin. -->","yoast_head_json":{"title":"S\u00f8en - Moesholm - Put &amp; Take","robots":{"index":"index","follow":"follow","max-snippet":"max-snippet:-1","max-image-preview":"max-image-preview:large","max-video-preview":"max-video-preview:-1"},"canonical":"https:\/\/moesholm.dk\/de\/soeen\/","og_locale":"de_DE","og_type":"article","og_title":"S\u00f8en - Moesholm - Put &amp; Take","og_description":"Omr\u00e5det Moesholm Put &amp; Take er beliggende midt p\u00e5 Djursland (Se kort). 700 meter fra offentlig vej i et st\u00f8rre naturomr\u00e5de ligger den 12.000 m2 store s\u00f8 med en dybde fra 1 til godt 2 meter. S\u00f8en falder naturligt ind i omgivelserne. Den har 600 meter bred, en lille \u00f8 omkranset af \u00e5kander og sm\u00e5 sivbevoksninger. Her er b\u00e5de rolige steder mellem buske og \u00e5bne omr\u00e5der med gr\u00e6s. I god l\u00e6 af skoven og de omkransende tr\u00e6er, er der altid godt fiskevejr ved Moesholm Put &amp; Take. Fisk i S\u00d8EN Der uds\u00e6ttes hovedsageligt regnbue\u00f8rreder fra 1 til 8 kg &#8211; st\u00f8rrelsen afh\u00e6nger af \u00e5rstiden. Desuden uds\u00e6ttes der til tider guld\u00f8rreder og s\u00f8lv\u00f8rreder afh\u00e6ngig af specielt \u00e5rstid, vejr og muligheder. F\u00f8lg med p\u00e5 Facebook for at f\u00f8lge uds\u00e6tninger. Der forefindes en bestand af naturligt forekommende fisk, s\u00e5 som \u00e5l, suder og aborrer.","og_url":"https:\/\/moesholm.dk\/de\/soeen\/","og_site_name":"Moesholm - Put &amp; Take","article_modified_time":"2025-05-05T07:56:37+00:00","og_image":[{"width":1800,"height":1350,"url":"https:\/\/moesholm.dk\/wp-content\/uploads\/nyhed634.webp","type":"image\/webp"}],"twitter_card":"summary_large_image","twitter_misc":{"Gesch\u00e4tzte Lesezeit":"2\u00a0Minuten"},"schema":{"@context":"https:\/\/schema.org","@graph":[{"@type":"WebPage","@id":"https:\/\/moesholm.dk\/soeen\/","url":"https:\/\/moesholm.dk\/soeen\/","name":"S\u00f8en - Moesholm - Put &amp; Take","isPartOf":{"@id":"https:\/\/moesholm.dk\/#website"},"primaryImageOfPage":{"@id":"https:\/\/moesholm.dk\/soeen\/#primaryimage"},"image":{"@id":"https:\/\/moesholm.dk\/soeen\/#primaryimage"},"thumbnailUrl":"https:\/\/moesholm.dk\/wp-content\/uploads\/nyhed634-1024x768.webp","datePublished":"2023-11-01T13:31:15+00:00","dateModified":"2025-05-05T07:56:37+00:00","inLanguage":"de","potentialAction":[{"@type":"ReadAction","target":["https:\/\/moesholm.dk\/soeen\/"]}]},{"@type":"ImageObject","inLanguage":"de","@id":"https:\/\/moesholm.dk\/soeen\/#primaryimage","url":"https:\/\/moesholm.dk\/wp-content\/uploads\/nyhed634-1024x768.webp","contentUrl":"https:\/\/moesholm.dk\/wp-content\/uploads\/nyhed634-1024x768.webp"},{"@type":"WebSite","@id":"https:\/\/moesholm.dk\/#website","url":"https:\/\/moesholm.dk\/","name":"Moesholm - Put &amp; Take","description":"Putt and take s\u00f8","publisher":{"@id":"https:\/\/moesholm.dk\/#organization"},"potentialAction":[{"@type":"SearchAction","target":{"@type":"EntryPoint","urlTemplate":"https:\/\/moesholm.dk\/?s={search_term_string}"},"query-input":{"@type":"PropertyValueSpecification","valueRequired":true,"valueName":"search_term_string"}}],"inLanguage":"de"},{"@type":"Organization","@id":"https:\/\/moesholm.dk\/#organization","name":"Moesholm - Put &amp; Take","url":"https:\/\/moesholm.dk\/","logo":{"@type":"ImageObject","inLanguage":"de","@id":"https:\/\/moesholm.dk\/#\/schema\/logo\/image\/","url":"https:\/\/moesholm.dk\/wp-content\/uploads\/logo.gif","contentUrl":"https:\/\/moesholm.dk\/wp-content\/uploads\/logo.gif","width":150,"height":116,"caption":"Moesholm - Put &amp; Take"},"image":{"@id":"https:\/\/moesholm.dk\/#\/schema\/logo\/image\/"}}]}},"_links":{"self":[{"href":"https:\/\/moesholm.dk\/de\/wp-json\/wp\/v2\/pages\/1064","targetHints":{"allow":["GET"]}}],"collection":[{"href":"https:\/\/moesholm.dk\/de\/wp-json\/wp\/v2\/pages"}],"about":[{"href":"https:\/\/moesholm.dk\/de\/wp-json\/wp\/v2\/types\/page"}],"author":[{"embeddable":true,"href":"https:\/\/moesholm.dk\/de\/wp-json\/wp\/v2\/users\/1"}],"replies":[{"embeddable":true,"href":"https:\/\/moesholm.dk\/de\/wp-json\/wp\/v2\/comments?post=1064"}],"version-history":[{"count":20,"href":"https:\/\/moesholm.dk\/de\/wp-json\/wp\/v2\/pages\/1064\/revisions"}],"predecessor-version":[{"id":2201,"href":"https:\/\/moesholm.dk\/de\/wp-json\/wp\/v2\/pages\/1064\/revisions\/2201"}],"wp:attachment":[{"href":"https:\/\/moesholm.dk\/de\/wp-json\/wp\/v2\/media?parent=1064"}],"curies":[{"name":"wp","href":"https:\/\/api.w.org\/{rel}","templated":true}]}}