{"id":1070,"date":"2023-11-01T14:31:16","date_gmt":"2023-11-01T13:31:16","guid":{"rendered":"https:\/\/moesholm.dk\/forside\/"},"modified":"2025-05-05T09:36:04","modified_gmt":"2025-05-05T07:36:04","slug":"forside","status":"publish","type":"page","link":"https:\/\/moesholm.dk\/de\/","title":{"rendered":"Startseiten"},"content":{"rendered":"\t\t<div data-elementor-type=\"wp-post\" data-elementor-id=\"1070\" class=\"elementor elementor-1070\" data-elementor-post-type=\"page\">\n\t\t\t\t<div class=\"elementor-element elementor-element-47fcd814 e-flex e-con-boxed e-con e-parent\" data-id=\"47fcd814\" data-element_type=\"container\" data-e-type=\"container\" data-settings=\"{&quot;background_background&quot;:&quot;slideshow&quot;,&quot;background_slideshow_gallery&quot;:[{&quot;id&quot;:2118,&quot;url&quot;:&quot;https:\\\/\\\/moesholm.dk\\\/wp-content\\\/uploads\\\/Foraar-scaled.jpg&quot;},{&quot;id&quot;:1575,&quot;url&quot;:&quot;https:\\\/\\\/moesholm.dk\\\/wp-content\\\/uploads\\\/nyhed634.webp&quot;},{&quot;id&quot;:1901,&quot;url&quot;:&quot;https:\\\/\\\/moesholm.dk\\\/wp-content\\\/uploads\\\/Fiskene-scaled.jpg&quot;},{&quot;id&quot;:1569,&quot;url&quot;:&quot;https:\\\/\\\/moesholm.dk\\\/wp-content\\\/uploads\\\/nyhed623.webp&quot;}],&quot;background_slideshow_ken_burns&quot;:&quot;yes&quot;,&quot;background_slideshow_loop&quot;:&quot;yes&quot;,&quot;background_slideshow_slide_duration&quot;:5000,&quot;background_slideshow_slide_transition&quot;:&quot;fade&quot;,&quot;background_slideshow_transition_duration&quot;:500,&quot;background_slideshow_ken_burns_zoom_direction&quot;:&quot;in&quot;}\">\n\t\t\t\t\t<div class=\"e-con-inner\">\n\t\t\t\t<div class=\"elementor-element elementor-element-7cdfe7ae elementor-widget elementor-widget-heading\" data-id=\"7cdfe7ae\" data-element_type=\"widget\" data-e-type=\"widget\" data-widget_type=\"heading.default\">\n\t\t\t\t<div class=\"elementor-widget-container\">\n\t\t\t\t\t<h2 class=\"elementor-heading-title elementor-size-default\">Midt p\u00e5 Djursland<\/h2>\t\t\t\t<\/div>\n\t\t\t\t<\/div>\n\t\t\t\t<div class=\"elementor-element elementor-element-94c69e5 elementor-widget elementor-widget-heading\" data-id=\"94c69e5\" data-element_type=\"widget\" data-e-type=\"widget\" data-widget_type=\"heading.default\">\n\t\t\t\t<div class=\"elementor-widget-container\">\n\t\t\t\t\t<h1 class=\"elementor-heading-title elementor-size-default\">Moesholm Put &amp; take<\/h1>\t\t\t\t<\/div>\n\t\t\t\t<\/div>\n\t\t\t\t<div class=\"elementor-element elementor-element-6280d281 elementor-widget elementor-widget-text-editor\" data-id=\"6280d281\" data-element_type=\"widget\" data-e-type=\"widget\" data-widget_type=\"text-editor.default\">\n\t\t\t\t<div class=\"elementor-widget-container\">\n\t\t\t\t\t\t\t\t\t<p>\u00c5BENT HVER DAG HELE \u00c5RET FRA SOLOPGANG TIL SOLNEDGANG<\/p>\t\t\t\t\t\t\t\t<\/div>\n\t\t\t\t<\/div>\n\t\t<div class=\"elementor-element elementor-element-aa3e6c5 e-con-full e-flex e-con e-child\" data-id=\"aa3e6c5\" data-element_type=\"container\" data-e-type=\"container\">\n\t\t\t\t<div class=\"elementor-element elementor-element-677e0f5a elementor-align-center elementor-widget elementor-widget-button\" data-id=\"677e0f5a\" data-element_type=\"widget\" data-e-type=\"widget\" data-widget_type=\"button.default\">\n\t\t\t\t<div class=\"elementor-widget-container\">\n\t\t\t\t\t\t\t\t\t<div class=\"elementor-button-wrapper\">\n\t\t\t\t\t<a class=\"elementor-button elementor-button-link elementor-size-sm elementor-animation-bob\" href=\"https:\/\/moesholm.dk\/de\/kontakt\/\">\n\t\t\t\t\t\t<span class=\"elementor-button-content-wrapper\">\n\t\t\t\t\t\t<span class=\"elementor-button-icon\">\n\t\t\t\t<i aria-hidden=\"true\" class=\"fas fa-phone\"><\/i>\t\t\t<\/span>\n\t\t\t\t\t\t\t\t\t<span class=\"elementor-button-text\">KOntakt<\/span>\n\t\t\t\t\t<\/span>\n\t\t\t\t\t<\/a>\n\t\t\t\t<\/div>\n\t\t\t\t\t\t\t\t<\/div>\n\t\t\t\t<\/div>\n\t\t\t\t<div class=\"elementor-element elementor-element-7d0db54 elementor-align-center elementor-widget elementor-widget-button\" data-id=\"7d0db54\" data-element_type=\"widget\" data-e-type=\"widget\" data-widget_type=\"button.default\">\n\t\t\t\t<div class=\"elementor-widget-container\">\n\t\t\t\t\t\t\t\t\t<div class=\"elementor-button-wrapper\">\n\t\t\t\t\t<a class=\"elementor-button elementor-button-link elementor-size-sm elementor-animation-bob\" href=\"https:\/\/www.facebook.com\/p\/Moesholm-Put-and-Take-61556700061441\/?locale=da_DK\" target=\"_blank\">\n\t\t\t\t\t\t<span class=\"elementor-button-content-wrapper\">\n\t\t\t\t\t\t<span class=\"elementor-button-icon\">\n\t\t\t\t<i aria-hidden=\"true\" class=\"fab fa-facebook\"><\/i>\t\t\t<\/span>\n\t\t\t\t\t\t\t\t\t<span class=\"elementor-button-text\">Facebook <\/span>\n\t\t\t\t\t<\/span>\n\t\t\t\t\t<\/a>\n\t\t\t\t<\/div>\n\t\t\t\t\t\t\t\t<\/div>\n\t\t\t\t<\/div>\n\t\t\t\t<\/div>\n\t\t\t\t\t<\/div>\n\t\t\t\t<\/div>\n\t\t\t\t<\/div>\n\t\t","protected":false},"excerpt":{"rendered":"<p>Midt p\u00e5 Djursland Moesholm Put &#038; take \u00c5BENT HVER DAG HELE \u00c5RET FRA SOLOPGANG TIL SOLNEDGANG KOntakt Facebook<\/p>","protected":false},"author":1,"featured_media":0,"parent":0,"menu_order":0,"comment_status":"closed","ping_status":"closed","template":"elementor_theme","meta":{"footnotes":""},"class_list":["post-1070","page","type-page","status-publish","hentry"],"yoast_head":"<!-- This site is optimized with the Yoast SEO plugin v27.5 - https:\/\/yoast.com\/product\/yoast-seo-wordpress\/ -->\n<title>Hjem - Moesholm - Put &amp; Take<\/title>\n<meta name=\"robots\" content=\"index, follow, max-snippet:-1, max-image-preview:large, max-video-preview:-1\" \/>\n<link rel=\"canonical\" href=\"https:\/\/moesholm.dk\/de\/\" \/>\n<meta property=\"og:locale\" content=\"de_DE\" \/>\n<meta property=\"og:type\" content=\"article\" \/>\n<meta property=\"og:title\" content=\"Hjem - Moesholm - Put &amp; Take\" \/>\n<meta property=\"og:description\" content=\"Midt p\u00e5 Djursland Moesholm Put &#038; take \u00c5BENT HVER DAG HELE \u00c5RET FRA SOLOPGANG TIL SOLNEDGANG KOntakt Facebook\" \/>\n<meta property=\"og:url\" content=\"https:\/\/moesholm.dk\/de\/\" \/>\n<meta property=\"og:site_name\" content=\"Moesholm - Put &amp; Take\" \/>\n<meta property=\"article:modified_time\" content=\"2025-05-05T07:36:04+00:00\" \/>\n<meta name=\"twitter:card\" content=\"summary_large_image\" \/>\n<meta name=\"twitter:label1\" content=\"Gesch\u00e4tzte Lesezeit\" \/>\n\t<meta name=\"twitter:data1\" content=\"1\u00a0Minute\" \/>\n<script type=\"application\/ld+json\" class=\"yoast-schema-graph\">{\"@context\":\"https:\\\/\\\/schema.org\",\"@graph\":[{\"@type\":\"WebPage\",\"@id\":\"https:\\\/\\\/moesholm.dk\\\/\",\"url\":\"https:\\\/\\\/moesholm.dk\\\/\",\"name\":\"Hjem - Moesholm - Put &amp; Take\",\"isPartOf\":{\"@id\":\"https:\\\/\\\/moesholm.dk\\\/#website\"},\"datePublished\":\"2023-11-01T13:31:16+00:00\",\"dateModified\":\"2025-05-05T07:36:04+00:00\",\"inLanguage\":\"de\",\"potentialAction\":[{\"@type\":\"ReadAction\",\"target\":[\"https:\\\/\\\/moesholm.dk\\\/\"]}]},{\"@type\":\"WebSite\",\"@id\":\"https:\\\/\\\/moesholm.dk\\\/#website\",\"url\":\"https:\\\/\\\/moesholm.dk\\\/\",\"name\":\"Moesholm - Put &amp; Take\",\"description\":\"Putt and take s\u00f8\",\"publisher\":{\"@id\":\"https:\\\/\\\/moesholm.dk\\\/#organization\"},\"potentialAction\":[{\"@type\":\"SearchAction\",\"target\":{\"@type\":\"EntryPoint\",\"urlTemplate\":\"https:\\\/\\\/moesholm.dk\\\/?s={search_term_string}\"},\"query-input\":{\"@type\":\"PropertyValueSpecification\",\"valueRequired\":true,\"valueName\":\"search_term_string\"}}],\"inLanguage\":\"de\"},{\"@type\":\"Organization\",\"@id\":\"https:\\\/\\\/moesholm.dk\\\/#organization\",\"name\":\"Moesholm - Put &amp; Take\",\"url\":\"https:\\\/\\\/moesholm.dk\\\/\",\"logo\":{\"@type\":\"ImageObject\",\"inLanguage\":\"de\",\"@id\":\"https:\\\/\\\/moesholm.dk\\\/#\\\/schema\\\/logo\\\/image\\\/\",\"url\":\"https:\\\/\\\/moesholm.dk\\\/wp-content\\\/uploads\\\/logo.gif\",\"contentUrl\":\"https:\\\/\\\/moesholm.dk\\\/wp-content\\\/uploads\\\/logo.gif\",\"width\":150,\"height\":116,\"caption\":\"Moesholm - Put &amp; Take\"},\"image\":{\"@id\":\"https:\\\/\\\/moesholm.dk\\\/#\\\/schema\\\/logo\\\/image\\\/\"}}]}<\/script>\n<!-- \/ Yoast SEO plugin. -->","yoast_head_json":{"title":"Hjem - Moesholm - Put &amp; Take","robots":{"index":"index","follow":"follow","max-snippet":"max-snippet:-1","max-image-preview":"max-image-preview:large","max-video-preview":"max-video-preview:-1"},"canonical":"https:\/\/moesholm.dk\/de\/","og_locale":"de_DE","og_type":"article","og_title":"Hjem - Moesholm - Put &amp; Take","og_description":"Midt p\u00e5 Djursland Moesholm Put &#038; take \u00c5BENT HVER DAG HELE \u00c5RET FRA SOLOPGANG TIL SOLNEDGANG KOntakt Facebook","og_url":"https:\/\/moesholm.dk\/de\/","og_site_name":"Moesholm - Put &amp; Take","article_modified_time":"2025-05-05T07:36:04+00:00","twitter_card":"summary_large_image","twitter_misc":{"Gesch\u00e4tzte Lesezeit":"1\u00a0Minute"},"schema":{"@context":"https:\/\/schema.org","@graph":[{"@type":"WebPage","@id":"https:\/\/moesholm.dk\/","url":"https:\/\/moesholm.dk\/","name":"Hjem - Moesholm - Put &amp; Take","isPartOf":{"@id":"https:\/\/moesholm.dk\/#website"},"datePublished":"2023-11-01T13:31:16+00:00","dateModified":"2025-05-05T07:36:04+00:00","inLanguage":"de","potentialAction":[{"@type":"ReadAction","target":["https:\/\/moesholm.dk\/"]}]},{"@type":"WebSite","@id":"https:\/\/moesholm.dk\/#website","url":"https:\/\/moesholm.dk\/","name":"Moesholm - Put &amp; Take","description":"Putt and take s\u00f8","publisher":{"@id":"https:\/\/moesholm.dk\/#organization"},"potentialAction":[{"@type":"SearchAction","target":{"@type":"EntryPoint","urlTemplate":"https:\/\/moesholm.dk\/?s={search_term_string}"},"query-input":{"@type":"PropertyValueSpecification","valueRequired":true,"valueName":"search_term_string"}}],"inLanguage":"de"},{"@type":"Organization","@id":"https:\/\/moesholm.dk\/#organization","name":"Moesholm - Put &amp; Take","url":"https:\/\/moesholm.dk\/","logo":{"@type":"ImageObject","inLanguage":"de","@id":"https:\/\/moesholm.dk\/#\/schema\/logo\/image\/","url":"https:\/\/moesholm.dk\/wp-content\/uploads\/logo.gif","contentUrl":"https:\/\/moesholm.dk\/wp-content\/uploads\/logo.gif","width":150,"height":116,"caption":"Moesholm - Put &amp; Take"},"image":{"@id":"https:\/\/moesholm.dk\/#\/schema\/logo\/image\/"}}]}},"_links":{"self":[{"href":"https:\/\/moesholm.dk\/de\/wp-json\/wp\/v2\/pages\/1070","targetHints":{"allow":["GET"]}}],"collection":[{"href":"https:\/\/moesholm.dk\/de\/wp-json\/wp\/v2\/pages"}],"about":[{"href":"https:\/\/moesholm.dk\/de\/wp-json\/wp\/v2\/types\/page"}],"author":[{"embeddable":true,"href":"https:\/\/moesholm.dk\/de\/wp-json\/wp\/v2\/users\/1"}],"replies":[{"embeddable":true,"href":"https:\/\/moesholm.dk\/de\/wp-json\/wp\/v2\/comments?post=1070"}],"version-history":[{"count":20,"href":"https:\/\/moesholm.dk\/de\/wp-json\/wp\/v2\/pages\/1070\/revisions"}],"predecessor-version":[{"id":2188,"href":"https:\/\/moesholm.dk\/de\/wp-json\/wp\/v2\/pages\/1070\/revisions\/2188"}],"wp:attachment":[{"href":"https:\/\/moesholm.dk\/de\/wp-json\/wp\/v2\/media?parent=1070"}],"curies":[{"name":"wp","href":"https:\/\/api.w.org\/{rel}","templated":true}]}}