{"id":1560,"date":"2025-03-18T14:10:27","date_gmt":"2025-03-18T13:10:27","guid":{"rendered":"https:\/\/moesholm.dk\/?page_id=1560"},"modified":"2025-05-05T09:53:11","modified_gmt":"2025-05-05T07:53:11","slug":"arrangementer","status":"publish","type":"page","link":"https:\/\/moesholm.dk\/de\/arrangementer\/","title":{"rendered":"Veranstaltungen"},"content":{"rendered":"<div data-elementor-type=\"wp-page\" data-elementor-id=\"1560\" class=\"elementor elementor-1560\" data-elementor-post-type=\"page\">\n\t\t\t\t<div class=\"elementor-element elementor-element-207f604 e-flex e-con-boxed e-con e-parent\" data-id=\"207f604\" data-element_type=\"container\" data-e-type=\"container\" data-settings=\"{&quot;background_background&quot;:&quot;classic&quot;}\">\n\t\t\t\t\t<div class=\"e-con-inner\">\n\t\t<div class=\"elementor-element elementor-element-6221a75 e-con-full e-flex e-con e-child\" data-id=\"6221a75\" data-element_type=\"container\" data-e-type=\"container\">\n\t\t\t\t<div class=\"elementor-element elementor-element-5de9b43 elementor-widget elementor-widget-heading\" data-id=\"5de9b43\" data-element_type=\"widget\" data-e-type=\"widget\" data-widget_type=\"heading.default\">\n\t\t\t\t<div class=\"elementor-widget-container\">\n\t\t\t\t\t<h2 class=\"elementor-heading-title elementor-size-default\">Miete eines Aufenthaltsraums<\/h2>\t\t\t\t<\/div>\n\t\t\t\t<\/div>\n\t\t\t\t<div class=\"elementor-element elementor-element-495af48 elementor-widget elementor-widget-text-editor\" data-id=\"495af48\" data-element_type=\"widget\" data-e-type=\"widget\" data-widget_type=\"text-editor.default\">\n\t\t\t\t<div class=\"elementor-widget-container\">\n\t\t\t\t\t\t\t\t\t<p>Es ist m\u00f6glich, verschiedene Veranstaltungen hier bei Moesholm Put and Take abzuhalten.<\/p><p>Man kann <strong>nicht<\/strong> Es ist nicht m\u00f6glich, den gesamten See zu mieten, und er wird immer f\u00fcr andere G\u00e4ste ge\u00f6ffnet sein. Daher bitten wir Sie, uns etwas fr\u00fcher vor einer m\u00f6glichen Veranstaltung zu kontaktieren, damit wir sicherstellen k\u00f6nnen, dass keine weiteren Veranstaltungen gleichzeitig stattfinden und somit nicht zu viele Menschen am See sind.<\/p><p>Es ist m\u00f6glich, bis zu 10 Angelruten mit Schnur und Rolle nach dem Prinzip \"Wer zuerst kommt, mahlt zuerst\" auszuleihen.<\/p><p>Wenn man sich vor schlechtem Wetter sch\u00fctzen m\u00f6chte, kann man unseren Aufenthaltsraum gegen eine geringe Geb\u00fchr mieten, die von der Nutzung abh\u00e4ngt. Hier gibt es Tische und B\u00e4nke, und es k\u00f6nnen Heizgebl\u00e4se aufgestellt werden.<\/p><p>Der Aufenthaltsraum befindet sich am Ende des Schuppens, etwa 25 Meter vom See entfernt, mit direktem Zugang zum See.<\/p><p>Wenn Sie andere W\u00fcnsche haben, kontaktieren Sie uns f\u00fcr ein Gespr\u00e4ch.<\/p>\t\t\t\t\t\t\t\t<\/div>\n\t\t\t\t<\/div>\n\t\t\t\t<div class=\"elementor-element elementor-element-fdfe8eb elementor-align-left elementor-widget elementor-widget-button\" data-id=\"fdfe8eb\" data-element_type=\"widget\" data-e-type=\"widget\" data-widget_type=\"button.default\">\n\t\t\t\t<div class=\"elementor-widget-container\">\n\t\t\t\t\t\t\t\t\t<div class=\"elementor-button-wrapper\">\n\t\t\t\t\t<a class=\"elementor-button elementor-button-link elementor-size-sm elementor-animation-bob\" href=\"https:\/\/moesholm.dk\/de\/kontakt\/\">\n\t\t\t\t\t\t<span class=\"elementor-button-content-wrapper\">\n\t\t\t\t\t\t<span class=\"elementor-button-icon\">\n\t\t\t\t<i aria-hidden=\"true\" class=\"far fa-arrow-right\"><\/i>\t\t\t<\/span>\n\t\t\t\t\t\t\t\t\t<span class=\"elementor-button-text\">Kontaktieren Sie uns <\/span>\n\t\t\t\t\t<\/span>\n\t\t\t\t\t<\/a>\n\t\t\t\t<\/div>\n\t\t\t\t\t\t\t\t<\/div>\n\t\t\t\t<\/div>\n\t\t\t\t<div class=\"elementor-element elementor-element-bd8a6cf header-knap elementor-align-left elementor-widget elementor-widget-button\" data-id=\"bd8a6cf\" data-element_type=\"widget\" data-e-type=\"widget\" data-widget_type=\"button.default\">\n\t\t\t\t<div class=\"elementor-widget-container\">\n\t\t\t\t\t\t\t\t\t<div class=\"elementor-button-wrapper\">\n\t\t\t\t\t<a class=\"elementor-button elementor-button-link elementor-size-sm\" href=\"https:\/\/moesholm.dk\/de\/kontakt\/\">\n\t\t\t\t\t\t<span class=\"elementor-button-content-wrapper\">\n\t\t\t\t\t\t\t\t\t<span class=\"elementor-button-text\">kontakt os her <\/span>\n\t\t\t\t\t<\/span>\n\t\t\t\t\t<\/a>\n\t\t\t\t<\/div>\n\t\t\t\t\t\t\t\t<\/div>\n\t\t\t\t<\/div>\n\t\t\t\t<\/div>\n\t\t<div class=\"elementor-element elementor-element-08f25bf e-con-full e-flex e-con e-child\" data-id=\"08f25bf\" data-element_type=\"container\" data-e-type=\"container\">\n\t\t\t\t<div class=\"elementor-element elementor-element-7770ef8 elementor-widget elementor-widget-image\" data-id=\"7770ef8\" data-element_type=\"widget\" data-e-type=\"widget\" data-widget_type=\"image.default\">\n\t\t\t\t<div class=\"elementor-widget-container\">\n\t\t\t\t\t\t\t\t\t\t\t\t\t\t\t<img fetchpriority=\"high\" decoding=\"async\" width=\"800\" height=\"600\" src=\"https:\/\/moesholm.dk\/wp-content\/uploads\/arr1.jpg\" class=\"attachment-large size-large wp-image-1758\" alt=\"\" srcset=\"https:\/\/moesholm.dk\/wp-content\/uploads\/arr1.jpg 800w, https:\/\/moesholm.dk\/wp-content\/uploads\/arr1-300x225.jpg 300w, https:\/\/moesholm.dk\/wp-content\/uploads\/arr1-768x576.jpg 768w\" sizes=\"(max-width: 800px) 100vw, 800px\" \/>\t\t\t\t\t\t\t\t\t\t\t\t\t\t\t<\/div>\n\t\t\t\t<\/div>\n\t\t\t\t<div class=\"elementor-element elementor-element-b329459 elementor-widget elementor-widget-image\" data-id=\"b329459\" data-element_type=\"widget\" data-e-type=\"widget\" data-widget_type=\"image.default\">\n\t\t\t\t<div class=\"elementor-widget-container\">\n\t\t\t\t\t\t\t\t\t\t\t\t\t\t\t<img decoding=\"async\" width=\"800\" height=\"600\" src=\"https:\/\/moesholm.dk\/wp-content\/uploads\/arr2.jpg\" class=\"attachment-large size-large wp-image-1757\" alt=\"\" srcset=\"https:\/\/moesholm.dk\/wp-content\/uploads\/arr2.jpg 800w, https:\/\/moesholm.dk\/wp-content\/uploads\/arr2-300x225.jpg 300w, https:\/\/moesholm.dk\/wp-content\/uploads\/arr2-768x576.jpg 768w\" sizes=\"(max-width: 800px) 100vw, 800px\" \/>\t\t\t\t\t\t\t\t\t\t\t\t\t\t\t<\/div>\n\t\t\t\t<\/div>\n\t\t\t\t<\/div>\n\t\t\t\t\t<\/div>\n\t\t\t\t<\/div>\n\t\t\t\t<\/div>","protected":false},"excerpt":{"rendered":"<p>Leje af opholdsrum Det er muligt at afholde forskellige arrangementer her ved Moesholm Put and Take. Man kan ikke leje hele s\u00f8en og den vil altid v\u00e6re \u00e5ben for andre g\u00e6ster. Derfor ser vi gerne, at I kontakter os noget tid f\u00f8r et eventuelt arrangement, s\u00e5 vi kan sikre, at der ikke bliver flere samtidig og dermed for mange mennesker om s\u00f8en. Det er muligt at l\u00e5ne op til 10 fiskest\u00e6nger med line og hjul efter f\u00f8rst-til-m\u00f8lle princippet. Vil man sikre sig mod alt for d\u00e5rligt vejr, kan man leje vores opholdsrum mod mindre betaling, der er afh\u00e6ngig af brugen. Her er der borde-b\u00e6nke og der kan s\u00e6ttes varmebl\u00e6ser op. Opholdsrummet ligger i enden af laden ca. 25 meter fra s\u00f8en og med direkte adgang til s\u00f8en. Har man andre \u00f8nsker, s\u00e5 kontakt os for en snak. KOntakt os kontakt os her<\/p>","protected":false},"author":1,"featured_media":0,"parent":0,"menu_order":0,"comment_status":"closed","ping_status":"closed","template":"elementor_header_footer","meta":{"footnotes":""},"class_list":["post-1560","page","type-page","status-publish","hentry"],"yoast_head":"<!-- This site is optimized with the Yoast SEO plugin v27.4 - https:\/\/yoast.com\/product\/yoast-seo-wordpress\/ -->\n<title>Arrangementer - Moesholm - Put &amp; Take<\/title>\n<meta name=\"robots\" content=\"index, follow, max-snippet:-1, max-image-preview:large, max-video-preview:-1\" \/>\n<link rel=\"canonical\" href=\"https:\/\/moesholm.dk\/de\/arrangementer\/\" \/>\n<meta property=\"og:locale\" content=\"de_DE\" \/>\n<meta property=\"og:type\" content=\"article\" \/>\n<meta property=\"og:title\" content=\"Arrangementer - Moesholm - Put &amp; Take\" \/>\n<meta property=\"og:description\" content=\"Leje af opholdsrum Det er muligt at afholde forskellige arrangementer her ved Moesholm Put and Take. Man kan ikke leje hele s\u00f8en og den vil altid v\u00e6re \u00e5ben for andre g\u00e6ster. Derfor ser vi gerne, at I kontakter os noget tid f\u00f8r et eventuelt arrangement, s\u00e5 vi kan sikre, at der ikke bliver flere samtidig og dermed for mange mennesker om s\u00f8en. Det er muligt at l\u00e5ne op til 10 fiskest\u00e6nger med line og hjul efter f\u00f8rst-til-m\u00f8lle princippet. Vil man sikre sig mod alt for d\u00e5rligt vejr, kan man leje vores opholdsrum mod mindre betaling, der er afh\u00e6ngig af brugen. Her er der borde-b\u00e6nke og der kan s\u00e6ttes varmebl\u00e6ser op. Opholdsrummet ligger i enden af laden ca. 25 meter fra s\u00f8en og med direkte adgang til s\u00f8en. Har man andre \u00f8nsker, s\u00e5 kontakt os for en snak. KOntakt os kontakt os her\" \/>\n<meta property=\"og:url\" content=\"https:\/\/moesholm.dk\/de\/arrangementer\/\" \/>\n<meta property=\"og:site_name\" content=\"Moesholm - Put &amp; Take\" \/>\n<meta property=\"article:modified_time\" content=\"2025-05-05T07:53:11+00:00\" \/>\n<meta property=\"og:image\" content=\"https:\/\/moesholm.dk\/wp-content\/uploads\/arr1.jpg\" \/>\n\t<meta property=\"og:image:width\" content=\"800\" \/>\n\t<meta property=\"og:image:height\" content=\"600\" \/>\n\t<meta property=\"og:image:type\" content=\"image\/jpeg\" \/>\n<meta name=\"twitter:card\" content=\"summary_large_image\" \/>\n<meta name=\"twitter:label1\" content=\"Gesch\u00e4tzte Lesezeit\" \/>\n\t<meta name=\"twitter:data1\" content=\"2\u00a0Minuten\" \/>\n<script type=\"application\/ld+json\" class=\"yoast-schema-graph\">{\"@context\":\"https:\\\/\\\/schema.org\",\"@graph\":[{\"@type\":\"WebPage\",\"@id\":\"https:\\\/\\\/moesholm.dk\\\/arrangementer\\\/\",\"url\":\"https:\\\/\\\/moesholm.dk\\\/arrangementer\\\/\",\"name\":\"Arrangementer - Moesholm - Put &amp; Take\",\"isPartOf\":{\"@id\":\"https:\\\/\\\/moesholm.dk\\\/#website\"},\"primaryImageOfPage\":{\"@id\":\"https:\\\/\\\/moesholm.dk\\\/arrangementer\\\/#primaryimage\"},\"image\":{\"@id\":\"https:\\\/\\\/moesholm.dk\\\/arrangementer\\\/#primaryimage\"},\"thumbnailUrl\":\"https:\\\/\\\/moesholm.dk\\\/wp-content\\\/uploads\\\/arr1.jpg\",\"datePublished\":\"2025-03-18T13:10:27+00:00\",\"dateModified\":\"2025-05-05T07:53:11+00:00\",\"inLanguage\":\"de\",\"potentialAction\":[{\"@type\":\"ReadAction\",\"target\":[\"https:\\\/\\\/moesholm.dk\\\/arrangementer\\\/\"]}]},{\"@type\":\"ImageObject\",\"inLanguage\":\"de\",\"@id\":\"https:\\\/\\\/moesholm.dk\\\/arrangementer\\\/#primaryimage\",\"url\":\"https:\\\/\\\/moesholm.dk\\\/wp-content\\\/uploads\\\/arr1.jpg\",\"contentUrl\":\"https:\\\/\\\/moesholm.dk\\\/wp-content\\\/uploads\\\/arr1.jpg\"},{\"@type\":\"WebSite\",\"@id\":\"https:\\\/\\\/moesholm.dk\\\/#website\",\"url\":\"https:\\\/\\\/moesholm.dk\\\/\",\"name\":\"Moesholm - Put &amp; Take\",\"description\":\"Putt and take s\u00f8\",\"publisher\":{\"@id\":\"https:\\\/\\\/moesholm.dk\\\/#organization\"},\"potentialAction\":[{\"@type\":\"SearchAction\",\"target\":{\"@type\":\"EntryPoint\",\"urlTemplate\":\"https:\\\/\\\/moesholm.dk\\\/?s={search_term_string}\"},\"query-input\":{\"@type\":\"PropertyValueSpecification\",\"valueRequired\":true,\"valueName\":\"search_term_string\"}}],\"inLanguage\":\"de\"},{\"@type\":\"Organization\",\"@id\":\"https:\\\/\\\/moesholm.dk\\\/#organization\",\"name\":\"Moesholm - Put &amp; Take\",\"url\":\"https:\\\/\\\/moesholm.dk\\\/\",\"logo\":{\"@type\":\"ImageObject\",\"inLanguage\":\"de\",\"@id\":\"https:\\\/\\\/moesholm.dk\\\/#\\\/schema\\\/logo\\\/image\\\/\",\"url\":\"https:\\\/\\\/moesholm.dk\\\/wp-content\\\/uploads\\\/logo.gif\",\"contentUrl\":\"https:\\\/\\\/moesholm.dk\\\/wp-content\\\/uploads\\\/logo.gif\",\"width\":150,\"height\":116,\"caption\":\"Moesholm - Put &amp; Take\"},\"image\":{\"@id\":\"https:\\\/\\\/moesholm.dk\\\/#\\\/schema\\\/logo\\\/image\\\/\"}}]}<\/script>\n<!-- \/ Yoast SEO plugin. -->","yoast_head_json":{"title":"Arrangementer - Moesholm - Put &amp; Take","robots":{"index":"index","follow":"follow","max-snippet":"max-snippet:-1","max-image-preview":"max-image-preview:large","max-video-preview":"max-video-preview:-1"},"canonical":"https:\/\/moesholm.dk\/de\/arrangementer\/","og_locale":"de_DE","og_type":"article","og_title":"Arrangementer - Moesholm - Put &amp; Take","og_description":"Leje af opholdsrum Det er muligt at afholde forskellige arrangementer her ved Moesholm Put and Take. Man kan ikke leje hele s\u00f8en og den vil altid v\u00e6re \u00e5ben for andre g\u00e6ster. Derfor ser vi gerne, at I kontakter os noget tid f\u00f8r et eventuelt arrangement, s\u00e5 vi kan sikre, at der ikke bliver flere samtidig og dermed for mange mennesker om s\u00f8en. Det er muligt at l\u00e5ne op til 10 fiskest\u00e6nger med line og hjul efter f\u00f8rst-til-m\u00f8lle princippet. Vil man sikre sig mod alt for d\u00e5rligt vejr, kan man leje vores opholdsrum mod mindre betaling, der er afh\u00e6ngig af brugen. Her er der borde-b\u00e6nke og der kan s\u00e6ttes varmebl\u00e6ser op. Opholdsrummet ligger i enden af laden ca. 25 meter fra s\u00f8en og med direkte adgang til s\u00f8en. Har man andre \u00f8nsker, s\u00e5 kontakt os for en snak. KOntakt os kontakt os her","og_url":"https:\/\/moesholm.dk\/de\/arrangementer\/","og_site_name":"Moesholm - Put &amp; Take","article_modified_time":"2025-05-05T07:53:11+00:00","og_image":[{"width":800,"height":600,"url":"https:\/\/moesholm.dk\/wp-content\/uploads\/arr1.jpg","type":"image\/jpeg"}],"twitter_card":"summary_large_image","twitter_misc":{"Gesch\u00e4tzte Lesezeit":"2\u00a0Minuten"},"schema":{"@context":"https:\/\/schema.org","@graph":[{"@type":"WebPage","@id":"https:\/\/moesholm.dk\/arrangementer\/","url":"https:\/\/moesholm.dk\/arrangementer\/","name":"Arrangementer - Moesholm - Put &amp; Take","isPartOf":{"@id":"https:\/\/moesholm.dk\/#website"},"primaryImageOfPage":{"@id":"https:\/\/moesholm.dk\/arrangementer\/#primaryimage"},"image":{"@id":"https:\/\/moesholm.dk\/arrangementer\/#primaryimage"},"thumbnailUrl":"https:\/\/moesholm.dk\/wp-content\/uploads\/arr1.jpg","datePublished":"2025-03-18T13:10:27+00:00","dateModified":"2025-05-05T07:53:11+00:00","inLanguage":"de","potentialAction":[{"@type":"ReadAction","target":["https:\/\/moesholm.dk\/arrangementer\/"]}]},{"@type":"ImageObject","inLanguage":"de","@id":"https:\/\/moesholm.dk\/arrangementer\/#primaryimage","url":"https:\/\/moesholm.dk\/wp-content\/uploads\/arr1.jpg","contentUrl":"https:\/\/moesholm.dk\/wp-content\/uploads\/arr1.jpg"},{"@type":"WebSite","@id":"https:\/\/moesholm.dk\/#website","url":"https:\/\/moesholm.dk\/","name":"Moesholm - Put &amp; Take","description":"Putt and take s\u00f8","publisher":{"@id":"https:\/\/moesholm.dk\/#organization"},"potentialAction":[{"@type":"SearchAction","target":{"@type":"EntryPoint","urlTemplate":"https:\/\/moesholm.dk\/?s={search_term_string}"},"query-input":{"@type":"PropertyValueSpecification","valueRequired":true,"valueName":"search_term_string"}}],"inLanguage":"de"},{"@type":"Organization","@id":"https:\/\/moesholm.dk\/#organization","name":"Moesholm - Put &amp; Take","url":"https:\/\/moesholm.dk\/","logo":{"@type":"ImageObject","inLanguage":"de","@id":"https:\/\/moesholm.dk\/#\/schema\/logo\/image\/","url":"https:\/\/moesholm.dk\/wp-content\/uploads\/logo.gif","contentUrl":"https:\/\/moesholm.dk\/wp-content\/uploads\/logo.gif","width":150,"height":116,"caption":"Moesholm - Put &amp; Take"},"image":{"@id":"https:\/\/moesholm.dk\/#\/schema\/logo\/image\/"}}]}},"_links":{"self":[{"href":"https:\/\/moesholm.dk\/de\/wp-json\/wp\/v2\/pages\/1560","targetHints":{"allow":["GET"]}}],"collection":[{"href":"https:\/\/moesholm.dk\/de\/wp-json\/wp\/v2\/pages"}],"about":[{"href":"https:\/\/moesholm.dk\/de\/wp-json\/wp\/v2\/types\/page"}],"author":[{"embeddable":true,"href":"https:\/\/moesholm.dk\/de\/wp-json\/wp\/v2\/users\/1"}],"replies":[{"embeddable":true,"href":"https:\/\/moesholm.dk\/de\/wp-json\/wp\/v2\/comments?post=1560"}],"version-history":[{"count":19,"href":"https:\/\/moesholm.dk\/de\/wp-json\/wp\/v2\/pages\/1560\/revisions"}],"predecessor-version":[{"id":2198,"href":"https:\/\/moesholm.dk\/de\/wp-json\/wp\/v2\/pages\/1560\/revisions\/2198"}],"wp:attachment":[{"href":"https:\/\/moesholm.dk\/de\/wp-json\/wp\/v2\/media?parent=1560"}],"curies":[{"name":"wp","href":"https:\/\/api.w.org\/{rel}","templated":true}]}}